{"id":444,"date":"2021-09-17T04:06:22","date_gmt":"2021-09-17T04:06:22","guid":{"rendered":"https:\/\/stmc.mskalastjoachim.skola.edu.mt\/?page_id=444"},"modified":"2021-09-24T07:34:41","modified_gmt":"2021-09-24T07:34:41","slug":"educational-resources","status":"publish","type":"page","link":"https:\/\/stmc.mskalastjoachim.skola.edu.mt\/?page_id=444","title":{"rendered":"Educational Links"},"content":{"rendered":"<p><H1><b> Resource List &#8211; click on the image to open site<\/b><\/H1><\/p>\n<p>&nbsp;<\/p>\n<table style=\"border-color: #ffffff;\" border=\"0\" cellspacing=\"0\" cellpadding=\"0\">\n<tbody>\n<tr style=\"border-color: #ffffff;\">\n<td style=\"border-color: #ffffff; text-align: left;\" width=\"30%\"><a href=\"https:\/\/www.arcademics.com\/games\/coconuts\"><img src=\"https:\/\/stmc.mskalastjoachim.skola.edu.mt\/wp-content\/uploads\/2021\/09\/resources16.jpg\" \/><\/a><\/td>\n<td style=\"border-color: #ffffff; text-align: left;\" width=\"70%\">\n<div style=\"text-align: justify;\">Coconut Vowels is a language arts game that provides practice in spelling.<\/div>\n<\/td>\n<\/tr>\n<tr style=\"border-color: #ffffff;\">\n<td style=\"border-color: #ffffff; text-align: left;\" width=\"30%\"><a href=\"https:\/\/www.artsonia.com\/\"><img src=\"https:\/\/stmc.mskalastjoachim.skola.edu.mt\/wp-content\/uploads\/2021\/09\/resources1.jpg\" \/><\/a><\/td>\n<td style=\"border-color: #ffffff; text-align: left;\" width=\"70%\">\n<div style=\"text-align: justify;\">Artsonia+ is an easy way for children to take creativity into their own hands! It offers offers great how-to art project videos for children. Most of the projects will take about 10-20 minutes to complete and no fancy art supplies are required.<\/div>\n<\/td>\n<\/tr>\n<tr style=\"border-color: #ffffff;\">\n<td style=\"border-color: #ffffff; text-align: left;\" width=\"30%\"><a href=\"https:\/\/primaryscience.skola.edu.mt\/young-scientists\/\"><img src=\"https:\/\/stmc.mskalastjoachim.skola.edu.mt\/wp-content\/uploads\/2021\/09\/resources5.jpg\" \/><\/a><\/td>\n<td style=\"border-color: #ffffff; text-align: left;\" width=\"70%\">\n<div style=\"text-align: justify;\">YOUNG SCIENTISTS<br \/>\nScience anywhere, using anything!<\/div>\n<\/td>\n<\/tr>\n<tr style=\"border-color: #ffffff;\">\n<td style=\"border-color: #ffffff; text-align: left;\" width=\"30%\"><a href=\"https:\/\/childhood101.com\/free-coding-kids\/\"><img src=\"https:\/\/stmc.mskalastjoachim.skola.edu.mt\/wp-content\/uploads\/2021\/09\/resources21.jpg\" \/><\/a><\/td>\n<td style=\"border-color: #ffffff; text-align: left;\" width=\"70%\">\n<div style=\"text-align: justify;\">Free Coding for Websites and Apps for children.<\/div>\n<\/td>\n<\/tr>\n<tr style=\"border-color: #ffffff;\">\n<td style=\"border-color: #ffffff; text-align: left;\" width=\"30%\"><a href=\"https:\/\/www.youtube.com\/playlist?list=PLZGlYv8NpNKQDngcd6w6n1_vpsU5BFBKL\"><img src=\"https:\/\/stmc.mskalastjoachim.skola.edu.mt\/wp-content\/uploads\/2021\/09\/resources18.jpg\" \/><\/a><\/td>\n<td style=\"border-color: #ffffff; text-align: left;\" width=\"70%\">\n<div style=\"text-align: justify;\">Cartoons in the Maltese Language: Emme<\/div>\n<\/td>\n<\/tr>\n<tr style=\"border-color: #ffffff;\">\n<td style=\"border-color: #ffffff; text-align: left;\" width=\"30%\"><a href=\"https:\/\/primarymaths.skola.edu.mt\/ftit-kuljum\/\"><img src=\"https:\/\/stmc.mskalastjoachim.skola.edu.mt\/wp-content\/uploads\/2021\/09\/resources4.jpg\" \/><\/a><\/td>\n<td style=\"border-color: #ffffff; text-align: left;\" width=\"70%\">\n<div style=\"text-align: justify;\">Maths activities for Year 1-Year 6 pupils.<\/div>\n<\/td>\n<\/tr>\n<tr style=\"border-color: #ffffff;\">\n<td style=\"border-color: #ffffff; text-align: left;\" width=\"30%\"><a href=\"https:\/\/ictgames.com\/mobilePage\/lcwc\/index.html\"><img src=\"https:\/\/stmc.mskalastjoachim.skola.edu.mt\/wp-content\/uploads\/2021\/09\/resources15.jpg\" \/><\/a><\/td>\n<td style=\"border-color: #ffffff; text-align: left;\" width=\"70%\">\n<div style=\"text-align: justify;\">Look, Cover, Write, Check<br \/>\nA great way to practise phonics, spelling patterns or the common exception words listed in English.<\/div>\n<\/td>\n<\/tr>\n<tr style=\"border-color: #ffffff;\">\n<td style=\"border-color: #ffffff; text-align: left;\" width=\"30%\"><a href=\"https:\/\/www.learninga-z.com\/\"><img src=\"https:\/\/stmc.mskalastjoachim.skola.edu.mt\/wp-content\/uploads\/2021\/09\/resources2.jpg\" \/><\/a><\/td>\n<td style=\"border-color: #ffffff; text-align: left;\" width=\"70%\">\n<div style=\"text-align: justify;\">Learning A-Z is an education technology company dedicated to expanding literacy through thoughtfully designed resources.<\/div>\n<\/td>\n<\/tr>\n<tr style=\"border-color: #ffffff;\">\n<td style=\"border-color: #ffffff; text-align: left;\" width=\"30%\"><a href=\"https:\/\/octavo.blog\/2020\/03\/free-content-maltese-students\"><img src=\"https:\/\/stmc.mskalastjoachim.skola.edu.mt\/wp-content\/uploads\/2021\/09\/resources3.jpg\" \/><\/a><\/td>\n<td style=\"border-color: #ffffff; text-align: left;\" width=\"70%\">\n<div style=\"text-align: justify;\">Free Acess to &#8216;Qari ghal Qalbi Collection.&#8217;<\/div>\n<\/td>\n<\/tr>\n<tr style=\"border-color: #ffffff;\">\n<td style=\"border-color: #ffffff; text-align: left;\" width=\"30%\"><\/a><\/td>\n<td style=\"border-color: #ffffff; text-align: left;\" width=\"70%\">\n<div style=\"text-align: justify;\">This free eBook library has been created to help children aged 3\u201311 to develop their English reading skills at home.<\/div>\n<\/td>\n<\/tr>\n<tr style=\"border-color: #ffffff;\">\n<td style=\"border-color: #ffffff; text-align: left;\" width=\"30%\"><\/a><\/td>\n<td style=\"border-color: #ffffff; text-align: left;\" width=\"70%\">\n<div style=\"text-align: justify;\">Help your child learn with expert advice and free activities from Oxford University Press.<\/div>\n<\/td>\n<\/tr>\n<tr style=\"border-color: #ffffff;\">\n<td style=\"border-color: #ffffff; text-align: left;\" width=\"30%\"><a href=\"https:\/\/games.vocabularyninja.co.uk\/games\/MagicVerbs\/\"><img src=\"https:\/\/stmc.mskalastjoachim.skola.edu.mt\/wp-content\/uploads\/2021\/09\/resources17.jpg\" \/><\/a><\/td>\n<td style=\"border-color: #ffffff; text-align: left;\" width=\"70%\">\n<div style=\"text-align: justify;\">Choose a better verb to make the sentences more interesting.<\/div>\n<\/td>\n<\/tr>\n<tr style=\"border-color: #ffffff;\">\n<td style=\"border-color: #ffffff; text-align: left;\" width=\"30%\"><a href=\"https:\/\/www.facebook.com\/kirstenchir\/photos\"><img src=\"https:\/\/stmc.mskalastjoachim.skola.edu.mt\/wp-content\/uploads\/2021\/09\/resources19.jpg\" \/><\/a><\/td>\n<td style=\"border-color: #ffffff; text-align: left;\" width=\"70%\">\n<div style=\"text-align: justify;\">Interactive games in Maltese.<\/div>\n<\/td>\n<\/tr>\n<tr style=\"border-color: #ffffff;\">\n<td style=\"border-color: #ffffff; text-align: left;\" width=\"30%\"><a href=\"https:\/\/kids.nationalgeographic.com\/animals\/\"><img src=\"https:\/\/stmc.mskalastjoachim.skola.edu.mt\/wp-content\/uploads\/2021\/09\/NationalGeographic.jpg\" \/><\/a><\/td>\n<td style=\"border-color: #ffffff; text-align: left;\" width=\"70%\">\n<div style=\"text-align: justify;\">National Geographic &#8211; Animals<\/div>\n<\/td>\n<\/tr>\n<tr style=\"border-color: #ffffff;\">\n<td style=\"border-color: #ffffff; text-align: left;\" width=\"30%\"><a href=\"https:\/\/www.prekinders.com\/fine-motor-skills\/\"><img src=\"https:\/\/stmc.mskalastjoachim.skola.edu.mt\/wp-content\/uploads\/2021\/09\/resources8.jpg\" \/><\/a><\/td>\n<td style=\"border-color: #ffffff; text-align: left;\" width=\"70%\">\n<div style=\"text-align: justify;\">Fine Motor Skills Activities.<\/div>\n<\/td>\n<\/tr>\n<tr style=\"border-color: #ffffff;\">\n<td style=\"border-color: #ffffff; text-align: left;\" width=\"30%\"><a href=\"https:\/\/primarymaths.skola.edu.mt\/\"><img src=\"https:\/\/stmc.mskalastjoachim.skola.edu.mt\/wp-content\/uploads\/2021\/09\/PrimaryMathematics.jpg\" \/><\/a><\/td>\n<td style=\"border-color: #ffffff; text-align: left;\" width=\"70%\">\n<div style=\"text-align: justify;\">Primary Mathematics Malta page<\/div>\n<\/td>\n<\/tr>\n<tr style=\"border-color: #ffffff;\">\n<td style=\"border-color: #ffffff; text-align: left;\" width=\"30%\"><a href=\"https:\/\/teleskola.mt\/sfidastem\/\"><img src=\"https:\/\/stmc.mskalastjoachim.skola.edu.mt\/wp-content\/uploads\/2021\/09\/resources10.jpg\" \/><\/a><\/td>\n<td style=\"border-color: #ffffff; text-align: left;\" width=\"70%\">\n<div style=\"text-align: justify;\">The aim of SfidaSTEM is to engage primary students in critical thinking and creativity through theme based STEM activities.<\/div>\n<\/td>\n<\/tr>\n<tr style=\"border-color: #ffffff;\">\n<td style=\"border-color: #ffffff; text-align: left;\" width=\"30%\"><a href=\"https:\/\/saghtar.org.mt\/\"><img src=\"https:\/\/stmc.mskalastjoachim.skola.edu.mt\/wp-content\/uploads\/2021\/09\/resources7.jpg\" \/><\/a><\/td>\n<td style=\"border-color: #ffffff; text-align: left;\" width=\"70%\">\n<div style=\"text-align: justify;\">Fondazzjoni Sag\u0127tar \u2013 Free access to past editions.<\/div>\n<\/td>\n<\/tr>\n<tr style=\"border-color: #ffffff;\">\n<td style=\"border-color: #ffffff; text-align: left;\" width=\"30%\"><a href=\"https:\/\/www.youtube.com\/playlist?list=PLHIblmt9R3uwd-OzOV2m4fP966tdyUjkK\"><img src=\"https:\/\/stmc.mskalastjoachim.skola.edu.mt\/wp-content\/uploads\/2021\/09\/resources20.jpg\" \/><\/a><\/td>\n<td style=\"border-color: #ffffff; text-align: left;\" width=\"70%\">\n<div style=\"text-align: justify;\">Stories in Maltese.<\/div>\n<\/td>\n<\/tr>\n<tr style=\"border-color: #ffffff;\">\n<td style=\"border-color: #ffffff; text-align: left;\" width=\"30%\"><a href=\"https:\/\/primarysocialstudies.skola.edu.mt\/\"><img src=\"https:\/\/stmc.mskalastjoachim.skola.edu.mt\/wp-content\/uploads\/2021\/09\/StudjiStorja.jpg\" \/><\/a><\/td>\n<td style=\"border-color: #ffffff; text-align: left;\" width=\"70%\">\n<div style=\"text-align: justify;\">Ri\u017corsi g\u0127at-tag\u0127lim tal-Istudji So\u010bjali fl-iskejjel primarji<\/div>\n<\/td>\n<\/tr>\n<tr style=\"border-color: #ffffff;\">\n<td style=\"border-color: #ffffff; text-align: left;\" width=\"30%\"><a href=\"https:\/\/primarysocialstudies.skola.edu.mt\/ss-english.htm\"><img src=\"https:\/\/stmc.mskalastjoachim.skola.edu.mt\/wp-content\/uploads\/2021\/09\/SocialStudies.jpg\" \/><\/a><\/td>\n<td style=\"border-color: #ffffff; text-align: left;\" width=\"70%\">\n<div style=\"text-align: justify;\">Social Studies resources for the primary school years<\/div>\n<\/td>\n<\/tr>\n<tr style=\"border-color: #ffffff;\">\n<td style=\"border-color: #ffffff; text-align: left;\" width=\"30%\"><a href=\"https:\/\/primarymaths.skola.edu.mt\/m-lounge\/\"><img src=\"https:\/\/stmc.mskalastjoachim.skola.edu.mt\/wp-content\/uploads\/2021\/09\/MLounge.jpg\" \/><\/a><\/td>\n<td style=\"border-color: #ffffff; text-align: left;\" width=\"70%\">\n<div style=\"text-align: justify;\">Primary Maths webinar network  <\/div>\n<\/td>\n<\/tr>\n<tr style=\"border-color: #ffffff;\">\n<td style=\"border-color: #ffffff; text-align: left;\" width=\"30%\"><a href=\"https:\/\/www.tate.org.uk\/kids\"><img src=\"https:\/\/stmc.mskalastjoachim.skola.edu.mt\/wp-content\/uploads\/2021\/09\/resources6.jpg\" \/><\/a><\/td>\n<td style=\"border-color: #ffffff; text-align: left;\" width=\"70%\">\n<div style=\"text-align: justify;\">Welcome to Tate Kids.<\/div>\n<\/td>\n<\/tr>\n<tr style=\"border-color: #ffffff;\">\n<td style=\"border-color: #ffffff; text-align: left;\" width=\"30%\"><a href=\"https:\/\/teleskola.mt\/\"><img src=\"https:\/\/stmc.mskalastjoachim.skola.edu.mt\/wp-content\/uploads\/2021\/09\/resources9.jpg\" \/><\/a><\/td>\n<td style=\"border-color: #ffffff; text-align: left;\" width=\"70%\">\n<div style=\"text-align: justify;\">Recorded lessons Kinder 1-Year 6<\/div>\n<\/td>\n<\/tr>\n<tr style=\"border-color: #ffffff;\">\n<td style=\"border-color: #ffffff; text-align: left;\" width=\"30%\"><a href=\"https:\/\/www.topmarks.co.uk\/maths-games\/3-5-years\/counting\"><img src=\"https:\/\/stmc.mskalastjoachim.skola.edu.mt\/wp-content\/uploads\/2021\/09\/resources14.jpg\" \/><\/a><\/td>\n<td style=\"border-color: #ffffff; text-align: left;\" width=\"70%\">\n<div style=\"text-align: justify;\">Fun Maths Games for 3-5 year olds.<\/div>\n<\/td>\n<\/tr>\n<tr style=\"border-color: #ffffff;\">\n<td style=\"border-color: #ffffff; text-align: left;\" width=\"30%\"><a href=\"https:\/\/www.topmarks.co.uk\/maths-games\/5-7-years\/counting\"><img src=\"https:\/\/stmc.mskalastjoachim.skola.edu.mt\/wp-content\/uploads\/2021\/09\/resources14.jpg\" \/><\/a><\/td>\n<td style=\"border-color: #ffffff; text-align: left;\" width=\"70%\">\n<div style=\"text-align: justify;\">Fun Maths Games for 5-7 year olds.<\/div>\n<\/td>\n<\/tr>\n<tr style=\"border-color: #ffffff;\">\n<td style=\"border-color: #ffffff; text-align: left;\" width=\"30%\"><a href=\"https:\/\/www.topmarks.co.uk\/maths-games\/7-11-years\/ordering-and-sequencing\"><img src=\"https:\/\/stmc.mskalastjoachim.skola.edu.mt\/wp-content\/uploads\/2021\/09\/resources14.jpg\" \/><\/a><\/td>\n<td style=\"border-color: #ffffff; text-align: left;\" width=\"70%\">\n<div style=\"text-align: justify;\">Fun Maths Games for 7-11 year olds.<\/div>\n<\/td>\n<\/tr>\n<tr style=\"border-color: #ffffff;\">\n<td style=\"border-color: #ffffff; text-align: left;\" width=\"30%\"><a href=\"https:\/\/www.topmarks.co.uk\/maths-games\/11-14-years\/number\"><img src=\"https:\/\/stmc.mskalastjoachim.skola.edu.mt\/wp-content\/uploads\/2021\/09\/resources14.jpg\" \/><\/a><\/td>\n<td style=\"border-color: #ffffff; text-align: left;\" width=\"70%\">\n<div style=\"text-align: justify;\">Fun Maths Games for 11-14 year olds.<\/div>\n<\/td>\n<\/tr>\n<tr style=\"border-color: #ffffff;\">\n<td style=\"border-color: #ffffff; text-align: left;\" width=\"30%\"><a href=\"https:\/\/teleskola.mt\/wacky-weekly\/\"><img src=\"https:\/\/stmc.mskalastjoachim.skola.edu.mt\/wp-content\/uploads\/2021\/09\/resources11.jpg\" \/><\/a><\/td>\n<td style=\"border-color: #ffffff; text-align: left;\" width=\"70%\">\n<div style=\"text-align: justify;\">Weekly quizzes for all ages.<\/div>\n<\/td>\n<\/tr>\n<\/tbody>\n<\/table>\n","protected":false},"excerpt":{"rendered":"<p>Resource List &#8211; click on the image to open site &nbsp; Coconut Vowels is a language arts game that provides practice in spelling. Artsonia+ is an easy way for children to take creativity into their own hands! It offers offers <a href=\"https:\/\/stmc.mskalastjoachim.skola.edu.mt\/?page_id=444\" class=\"read-more\">Read More &#8230;<\/a><\/p>\n","protected":false},"author":2,"featured_media":0,"parent":169,"menu_order":0,"comment_status":"closed","ping_status":"closed","template":"","meta":[],"_links":{"self":[{"href":"https:\/\/stmc.mskalastjoachim.skola.edu.mt\/index.php?rest_route=\/wp\/v2\/pages\/444"}],"collection":[{"href":"https:\/\/stmc.mskalastjoachim.skola.edu.mt\/index.php?rest_route=\/wp\/v2\/pages"}],"about":[{"href":"https:\/\/stmc.mskalastjoachim.skola.edu.mt\/index.php?rest_route=\/wp\/v2\/types\/page"}],"author":[{"embeddable":true,"href":"https:\/\/stmc.mskalastjoachim.skola.edu.mt\/index.php?rest_route=\/wp\/v2\/users\/2"}],"replies":[{"embeddable":true,"href":"https:\/\/stmc.mskalastjoachim.skola.edu.mt\/index.php?rest_route=%2Fwp%2Fv2%2Fcomments&post=444"}],"version-history":[{"count":42,"href":"https:\/\/stmc.mskalastjoachim.skola.edu.mt\/index.php?rest_route=\/wp\/v2\/pages\/444\/revisions"}],"predecessor-version":[{"id":589,"href":"https:\/\/stmc.mskalastjoachim.skola.edu.mt\/index.php?rest_route=\/wp\/v2\/pages\/444\/revisions\/589"}],"up":[{"embeddable":true,"href":"https:\/\/stmc.mskalastjoachim.skola.edu.mt\/index.php?rest_route=\/wp\/v2\/pages\/169"}],"wp:attachment":[{"href":"https:\/\/stmc.mskalastjoachim.skola.edu.mt\/index.php?rest_route=%2Fwp%2Fv2%2Fmedia&parent=444"}],"curies":[{"name":"wp","href":"https:\/\/api.w.org\/{rel}","templated":true}]}}