{"id":522,"date":"2021-09-23T05:14:08","date_gmt":"2021-09-23T05:14:08","guid":{"rendered":"https:\/\/stmc.mskalastjoachim.skola.edu.mt\/?page_id=522"},"modified":"2024-09-02T06:50:27","modified_gmt":"2024-09-02T06:50:27","slug":"home","status":"publish","type":"page","link":"https:\/\/stmc.mskalastjoachim.skola.edu.mt\/","title":{"rendered":"Home"},"content":{"rendered":"<p>&nbsp;<\/p>\r\n<h1>Latest News<\/h1>\r\n<p>&nbsp;<\/p>\r\n<ul class=\"wp-block-latest-posts__list has-dates .single .post-header .pos-header-fullwidth {display: none; } wp-block-latest-posts\"><li><a class=\"wp-block-latest-posts__post-title\" href=\"https:\/\/stmc.mskalastjoachim.skola.edu.mt\/?p=772\">Re\u0121istrazzjonijiet g\u0127al d\u0127ul fil-Klassijiet ta\u2019 Kinder 1 \/ Kinder 1 Registrations<\/a><time datetime=\"2021-11-08T08:50:43+00:00\" class=\"wp-block-latest-posts__post-date\">November 8, 2021<\/time><div class=\"wp-block-latest-posts__post-excerpt\">Nixtiequ nav\u017caw lill-\u0121enituri li g\u0127andhom tfal li ser jag\u0127lqu 3 snin sal-a\u0127\u0127ar ta\u2019 April 2024 sabiex jirre\u0121istraw lit-tfal tag\u0127hom g\u0127al d\u0127ul fil-Klassi ta\u2019 Kinder 1. Il-\u0121enituri huma mitluba jibag\u0127tu email fuq: stmc.mskalastjoachim.pr@ilearn.edu.mt. sabiex a\u0127na nibag\u0127tulhom formola ta\u2019 re\u0121istrazzjoni. L-Applikazzjoni mimlija <a href=\"https:\/\/stmc.mskalastjoachim.skola.edu.mt\/?p=772\" class=\"read-more\">Read More &#8230;<\/a><\/div><\/li>\n<\/ul>\r\n\r\n\r\n<p>&nbsp;<\/p>\r\n","protected":false},"excerpt":{"rendered":"<p>&nbsp; Latest News &nbsp; &nbsp;<\/p>\n","protected":false},"author":2,"featured_media":0,"parent":0,"menu_order":0,"comment_status":"closed","ping_status":"closed","template":"","meta":[],"_links":{"self":[{"href":"https:\/\/stmc.mskalastjoachim.skola.edu.mt\/index.php?rest_route=\/wp\/v2\/pages\/522"}],"collection":[{"href":"https:\/\/stmc.mskalastjoachim.skola.edu.mt\/index.php?rest_route=\/wp\/v2\/pages"}],"about":[{"href":"https:\/\/stmc.mskalastjoachim.skola.edu.mt\/index.php?rest_route=\/wp\/v2\/types\/page"}],"author":[{"embeddable":true,"href":"https:\/\/stmc.mskalastjoachim.skola.edu.mt\/index.php?rest_route=\/wp\/v2\/users\/2"}],"replies":[{"embeddable":true,"href":"https:\/\/stmc.mskalastjoachim.skola.edu.mt\/index.php?rest_route=%2Fwp%2Fv2%2Fcomments&post=522"}],"version-history":[{"count":10,"href":"https:\/\/stmc.mskalastjoachim.skola.edu.mt\/index.php?rest_route=\/wp\/v2\/pages\/522\/revisions"}],"predecessor-version":[{"id":831,"href":"https:\/\/stmc.mskalastjoachim.skola.edu.mt\/index.php?rest_route=\/wp\/v2\/pages\/522\/revisions\/831"}],"wp:attachment":[{"href":"https:\/\/stmc.mskalastjoachim.skola.edu.mt\/index.php?rest_route=%2Fwp%2Fv2%2Fmedia&parent=522"}],"curies":[{"name":"wp","href":"https:\/\/api.w.org\/{rel}","templated":true}]}}